{"id":942,"date":"2021-11-16T14:05:40","date_gmt":"2021-11-16T13:05:40","guid":{"rendered":"http:\/\/wododzial.pl\/%d0%b4%d0%be%d0%b4%d0%be%d0%bc%d1%83\/"},"modified":"2022-02-28T12:32:53","modified_gmt":"2022-02-28T11:32:53","slug":"%d0%b4%d0%be%d0%b4%d0%be%d0%bc%d1%83","status":"publish","type":"page","link":"https:\/\/wododzial.pl\/uk\/","title":{"rendered":"\u0414\u043e\u0434\u043e\u043c\u0443"},"content":{"rendered":"\n<section class=\"wp-block-group front-lead layout\"><div class=\"wp-block-group__inner-container is-layout-flow wp-block-group-is-layout-flow\">\n<div class=\"wp-block-columns front-lead-first-row px-5 lg:px-24 is-layout-flex wp-container-core-columns-is-layout-9d6595d7 wp-block-columns-is-layout-flex\">\n<div class=\"wp-block-column is-layout-flow wp-block-column-is-layout-flow\" style=\"flex-basis:62.5%\">\n<p class=\"text-2xl font-medium lg:text-3xl\" style=\"line-height:1.5\">\u041f\u0440\u0435\u0434\u0441\u0442\u0430\u0432\u043b\u0435\u043d\u0456 \u0444\u043e\u0442\u043e-, \u0430\u0443\u0434\u0456\u043e- \u0442\u0430 \u0432\u0456\u0434\u0435\u043e\u043c\u0430\u0442\u0435\u0440\u0456\u0430\u043b\u0438 \u0437\u0456\u0431\u0440\u0430\u043d\u0456 \u0432 \u0440\u0430\u043c\u043a\u0430\u0445 \u043f\u0440\u043e\u0454\u043a\u0442\u0443<\/p>\n<\/div>\n<\/div>\n\n\n\n<div class=\"wp-block-columns front-lead-second-row mb-0 px-5 lg:px-24 is-layout-flex wp-container-core-columns-is-layout-9d6595d7 wp-block-columns-is-layout-flex\">\n<div class=\"wp-block-column front-lead-second-row__left is-layout-flow wp-block-column-is-layout-flow\" style=\"flex-basis:62.5%\">\n<h2 class=\"relative text-3xl font-extrabold z-10 lg:text-4xl wp-block-heading\" id=\"broadcasting-from-the-forgotten-european-borderlands-carpathian-watershed-in-the-polyphony-of-voices\">\u00ab\u041c\u043e\u0432\u043b\u0435\u043d\u043d\u044f \u0456\u0437 \u0437\u0430\u0431\u0443\u0442\u043e\u0433\u043e \u0454\u0432\u0440\u043e\u043f\u0435\u0439\u0441\u044c\u043a\u043e\u0433\u043e \u043f\u043e\u0433\u0440\u0430\u043d\u0438\u0447\u0447\u044f: \u041a\u0430\u0440\u043f\u0430\u0442\u0441\u044c\u043a\u0438\u0439 \u0432\u043e\u0434\u043e\u0434\u0456\u043b \u0443 \u043f\u043e\u043b\u0456\u0444\u043e\u043d\u0456\u0457 \u0433\u043e\u043b\u043e\u0441\u0456\u0432\u00bb<\/h2>\n\n\n\n<figure class=\"wp-block-image size-large mb-0\"><img loading=\"lazy\" decoding=\"async\" width=\"1024\" height=\"684\" src=\"http:\/\/wododzial.pl\/wp-content\/uploads\/2021\/11\/image-1024x684.jpg\" alt=\"\" class=\"wp-image-19\" srcset=\"https:\/\/wododzial.pl\/wp-content\/uploads\/2021\/11\/image-1024x684.jpg 1024w, https:\/\/wododzial.pl\/wp-content\/uploads\/2021\/11\/image-300x200.jpg 300w, https:\/\/wododzial.pl\/wp-content\/uploads\/2021\/11\/image-768x513.jpg 768w, https:\/\/wododzial.pl\/wp-content\/uploads\/2021\/11\/image.jpg 1258w\" sizes=\"auto, (max-width: 1024px) 100vw, 1024px\" \/><\/figure>\n<\/div>\n\n\n\n<div class=\"wp-block-column front-lead-second-row__right mt-10 lg:mt-0 is-layout-flow wp-block-column-is-layout-flow\">\n<figure class=\"wp-block-image size-large\"><img loading=\"lazy\" decoding=\"async\" width=\"28\" height=\"28\" src=\"http:\/\/wododzial.pl\/wp-content\/uploads\/2021\/11\/decor.svg\" alt=\"\" class=\"wp-image-115\"\/><\/figure>\n\n\n\n<p class=\"text-lg font-medium lg:text-xl\">\u041f\u043e\u0433\u0440\u0430\u043d\u0438\u0447\u0447\u044f \u043d\u0430\u0446\u0456\u043e\u043d\u0430\u043b\u044c\u043d\u0438\u0445 \u0434\u0435\u0440\u0436\u0430\u0432 \u041a\u0430\u0440\u043f\u0430\u0442\u0441\u044c\u043a\u043e\u0433\u043e \u0432\u043e\u0434\u043e\u0434\u0456\u043b\u0443 \u0454 \u043f\u0440\u043e\u0441\u0442\u043e\u0440\u0430\u043c\u0438 \u043d\u0430\u043a\u043b\u0430\u0434\u0430\u043d\u043d\u044f \u043e\u0434\u0438\u043d \u043d\u0430 \u043e\u0434\u043d\u043e\u0433\u043e \u0440\u0456\u0437\u043d\u0438\u0445 \u0456\u043d\u0442\u0435\u0440\u043f\u0440\u0435\u0442\u0430\u0446\u0456\u0439 \u043c\u0438\u043d\u0443\u043b\u043e\u0433\u043e \u0442\u0430 \u043f\u043e\u043b\u0456\u0442\u0438\u043a \u043f\u0430\u043c\u2019\u044f\u0442\u0456. \u041c\u0456\u0441\u0446\u044f\u043c\u0438 \u043f\u0430\u043c\u2019\u044f\u0442\u0456 \u0454 \u044f\u043a \u0441\u0430\u043c\u0456 \u043a\u043e\u0440\u0434\u043e\u043d\u0438, \u0442\u0430\u043a \u0456 \u0457\u0445 \u043f\u0440\u0438\u043a\u043e\u0440\u0434\u043e\u043d\u043d\u0456 \u043b\u0430\u043d\u0434\u0448\u0430\u0444\u0442\u0438 (<em>borderscapes<\/em>), \u043d\u0430\u0441\u0438\u0447\u0435\u043d\u0456 \u043d\u0430\u0446\u0456\u043e\u043d\u0430\u043b\u044c\u043d\u043e\u044e \u0441\u0438\u043c\u0432\u043e\u043b\u0456\u043a\u043e\u044e \u0442\u0430 \u043f\u0430\u043c\u2019\u044f\u0442\u043d\u0438\u043c\u0438 \u0437\u043d\u0430\u043a\u0430\u043c\u0438. \u0412\u043d\u0430\u0441\u043b\u0456\u0434\u043e\u043a \u0437\u0441\u0443\u0432\u0443 \u043a\u043e\u0440\u0434\u043e\u043d\u0456\u0432, \u043c\u0456\u0433\u0440\u0430\u0446\u0456\u0457, \u043a\u043e\u043d\u0442\u0440\u0430\u0431\u0430\u043d\u0434\u0438 \u0442\u0430 \u043f\u043e\u0434\u0440\u0443\u0436\u043d\u0456\u0445 \u0441\u0442\u043e\u0441\u0443\u043d\u043a\u0456\u0432 \u043f\u0430\u043c\u2019\u044f\u0442\u044c \u043d\u0430 \u043f\u0440\u0438\u043a\u043e\u0440\u0434\u043e\u043d\u043d\u0456 \u043d\u0430\u0431\u0443\u0432\u0430\u0454 \u043e\u0441\u043e\u0431\u043b\u0438\u0432\u043e\u0457 \u043f\u043e\u043b\u0456\u0444\u043e\u043d\u0456\u0457.<\/p>\n<\/div>\n<\/div>\n\n\n\n<div class=\"wp-block-columns are-vertically-aligned-center front-lead-third-row relative mt-10 mb-0 lg:px-24 lg:mt-0 is-layout-flex wp-container-core-columns-is-layout-9d6595d7 wp-block-columns-is-layout-flex\">\n<div class=\"wp-block-column is-vertically-aligned-center front-lead-third-row__left order-2 lg:order-1 is-layout-flow wp-block-column-is-layout-flow\" style=\"flex-basis:62.5%\">\n<div class=\"wp-block-group custom-blockquote\"><div class=\"wp-block-group__inner-container is-layout-flow wp-block-group-is-layout-flow\">\n<p class=\"custom-blockquote__text\">\u0440\u043e\u0437\u043f\u043e\u0432\u0456\u0441\u0442\u0438 \u043f\u0440\u043e \u0446\u0435\u0439 \u0441\u0432\u0456\u0442 \u043c\u043e\u0436\u043d\u0430 \u043b\u0438\u0448\u0435 \u043f\u043e\u043b\u0456\u0444\u043e\u043d\u0456\u0447\u043d\u043e<\/p>\n\n\n\n<p class=\"custom-blockquote__more btn-more\"><a href=\"https:\/\/wododzial.pl\/uk\/%d0%bf%d1%80%d0%be-%d0%bf%d1%80%d0%be%d1%94%d0%ba%d1%82\/\">wi\u0119cej o projekcie<\/a><\/p>\n<\/div><\/div>\n<\/div>\n\n\n\n<div class=\"wp-block-column is-vertically-aligned-center front-lead-third-row__right order-1 lg:order-2 is-layout-flow wp-block-column-is-layout-flow\">\n<figure class=\"wp-block-image size-full\"><img loading=\"lazy\" decoding=\"async\" width=\"920\" height=\"848\" src=\"http:\/\/wododzial.pl\/wp-content\/uploads\/2021\/11\/DSC2116_uzok.jpg\" alt=\"\" class=\"wp-image-66\" srcset=\"https:\/\/wododzial.pl\/wp-content\/uploads\/2021\/11\/DSC2116_uzok.jpg 920w, https:\/\/wododzial.pl\/wp-content\/uploads\/2021\/11\/DSC2116_uzok-300x277.jpg 300w, https:\/\/wododzial.pl\/wp-content\/uploads\/2021\/11\/DSC2116_uzok-768x708.jpg 768w\" sizes=\"auto, (max-width: 920px) 100vw, 920px\" \/><\/figure>\n\n\n\n<figure class=\"wp-block-image size-large\"><img loading=\"lazy\" decoding=\"async\" width=\"323\" height=\"43\" src=\"http:\/\/wododzial.pl\/wp-content\/uploads\/2021\/11\/decor-horizontal-white.svg\" alt=\"\" class=\"wp-image-72\"\/><\/figure>\n<\/div>\n<\/div>\n<\/div><\/section>\n\n<div style=\"height:100px\" aria-hidden=\"true\" class=\"wp-block-spacer\"><\/div>\n\n<section class=\"wp-block-group front-featured layout text-white\"><div class=\"wp-block-group__inner-container is-layout-flow wp-block-group-is-layout-flow\">\n<div class=\"wp-block-columns are-vertically-aligned-bottom featured-monuments relative px-5 mb-0 pb-5 lg:px-24 lg:pb-14 is-layout-flex wp-container-core-columns-is-layout-9d6595d7 wp-block-columns-is-layout-flex\">\n<div class=\"wp-block-column is-vertically-aligned-bottom mb-7 lg:mb-0 is-layout-flow wp-block-column-is-layout-flow\" style=\"flex-basis:75%\">\n<figure class=\"wp-block-image size-large w-11 mb-9 lg:absolute lg:top-0 lg:right-24 lg:w-auto\"><img loading=\"lazy\" decoding=\"async\" width=\"61\" height=\"61\" src=\"http:\/\/wododzial.pl\/wp-content\/uploads\/2021\/11\/decor-pomnik-pamieci.svg\" alt=\"\" class=\"wp-image-94\"\/><\/figure>\n\n\n\n<h2 class=\"font-extrabold mb-7 text-3xl lg:text-4xl lg:mb-10 wp-block-heading\" id=\"pomniki-pamieci\">Pomniki pami\u0119ci<\/h2>\n\n\n\n<p class=\"text-lg lg:text-xl\">\u041f\u0440\u043e\u0442\u044f\u0433\u043e\u043c \u0425\u0425 \u0441\u0442\u043e\u043b\u0456\u0442\u0442\u044f \u043d\u043e\u0432\u043e\u0443\u0442\u0432\u043e\u0440\u0435\u043d\u0456 \u0434\u0435\u0440\u0436\u0430\u0432\u0438 \u043f\u043e\u0434\u0456\u043b\u0438\u043b\u0438 \u0442\u0435\u0440\u0438\u0442\u043e\u0440\u0456\u044e \u041a\u0430\u0440\u043f\u0430\u0442. \u0421\u044c\u043e\u0433\u043e\u0434\u043d\u0456 \u0434\u0435\u0440\u0436\u0430\u0432\u043d\u0456 \u043a\u043e\u0440\u0434\u043e\u043d\u0438 \u043f\u0440\u043e\u0445\u043e\u0434\u044f\u0442\u044c \u0432\u0437\u0434\u043e\u0432\u0436 \u0433\u0456\u0440\u0441\u044c\u043a\u0438\u0445 \u0445\u0440\u0435\u0431\u0442\u0456\u0432 \u0456 \u0440\u0456\u0447\u043a\u043e\u0432\u0438\u0445 \u0434\u043e\u043b\u0438\u043d. \u0423 \u0434\u043e\u043b\u0438\u043d\u0430\u0445 \u043c\u043e\u0436\u043d\u0430 \u0437\u043d\u0430\u0439\u0442\u0438 \u0434\u0435\u0441\u044f\u0442\u043a\u0438 \u0441\u043b\u0456\u0434\u0456\u0432 \u0434\u0430\u0432\u043d\u0438\u043d\u0438, \u043e\u0441\u043e\u0431\u043b\u0438\u0432\u043e \u043c\u0438\u043d\u0443\u043b\u043e\u0433\u043e \u0441\u0442\u043e\u043b\u0456\u0442\u0442\u044f. \u0417\u0435\u043c\u043b\u044f \u0446\u044f \u0432\u0441\u0456\u044f\u043d\u0430 \u043f\u0430\u043c\u2019\u044f\u0442\u043d\u0438\u043a\u0430\u043c\u0438 \u0433\u0435\u0440\u043e\u044f\u043c, \u0432\u0438\u0437\u0432\u043e\u043b\u0438\u0442\u0435\u043b\u044f\u043c, \u0437\u0430\u0441\u043b\u0443\u0436\u0435\u043d\u0438\u043c \u0456 \u0436\u0435\u0440\u0442\u0432\u0430\u043c. \u041f\u0440\u043e \u043c\u0438\u043d\u0443\u043b\u0435 \u043d\u0430\u0433\u0430\u0434\u0443\u044e\u0442\u044c \u0456 \u0441\u043b\u0456\u0434\u0438 \u043d\u0435\u0456\u0441\u043d\u0443\u044e\u0447\u0438\u0445 \u043a\u0440\u0430\u0457\u043d: \u043f\u0440\u0438\u043a\u043e\u0440\u0434\u043e\u043d\u043d\u0456 \u0441\u0442\u043e\u0432\u043f\u0438 \u0442\u0430 \u0435\u043b\u0435\u043c\u0435\u043d\u0442\u0438 \u0430\u0440\u0445\u0456\u0442\u0435\u043a\u0442\u0443\u0440\u0438.     <\/p>\n\n\n\n<p><\/p>\n<\/div>\n\n\n\n<div class=\"wp-block-column is-vertically-aligned-bottom flex flex-col justify-between items-end is-layout-flow wp-block-column-is-layout-flow\" style=\"flex-basis:25%\">\n<p class=\"btn-more btn-more--white\"><a href=\"https:\/\/wododzial.pl\/uk\/%d1%80%d0%b5%d1%81%d1%83%d1%80%d1%81%d0%b8\/\">Zobacz pe\u0142n\u0105 galeri\u0119<\/a><\/p>\n<\/div>\n<\/div>\n\n\n\n<div class=\"wp-swiper is-style-default featured-slider featured-slider--right ml-5 lg:ml-24\"><div class=\"wp-swiper__wrapper\"><div class=\"swiper-container\" data-slidesperview=\"1\" data-navigation=\"false\" data-pagination=\"true\" data-autoplay=\"false\" data-delay=\"3000\" data-speed=\"500\" data-loop=\"false\" data-effect=\"slide\" data-spacebetween=\"0\" data-mousewheel=\"false\" data-releaseonedges=\"false\" data-clickablepagination=\"true\"><div class=\"swiper-wrapper\">\n<div class=\"wp-swiper__slide swiper-slide\" data-tab=\"slide-1\"><div class=\"wp-swiper__overlay-color\" style=\"background-color:rgba(0, 0, 0, 0)\"><\/div><div class=\"wp-swiper__slide-content\" style=\"max-width:100%\">\n<figure class=\"wp-block-image size-large\"><img loading=\"lazy\" decoding=\"async\" width=\"1024\" height=\"683\" src=\"https:\/\/wododzial.pl\/wp-content\/uploads\/2022\/02\/DSC1980_1920x1280-1024x683.webp\" alt=\"\" class=\"wp-image-2903\" srcset=\"https:\/\/wododzial.pl\/wp-content\/uploads\/2022\/02\/DSC1980_1920x1280-1024x683.webp 1024w, https:\/\/wododzial.pl\/wp-content\/uploads\/2022\/02\/DSC1980_1920x1280-300x200.webp 300w, https:\/\/wododzial.pl\/wp-content\/uploads\/2022\/02\/DSC1980_1920x1280-768x512.webp 768w, https:\/\/wododzial.pl\/wp-content\/uploads\/2022\/02\/DSC1980_1920x1280-1536x1024.webp 1536w, https:\/\/wododzial.pl\/wp-content\/uploads\/2022\/02\/DSC1980_1920x1280.webp 1920w\" sizes=\"auto, (max-width: 1024px) 100vw, 1024px\" \/><\/figure>\n<\/div><\/div>\n\n\n\n<div class=\"wp-swiper__slide swiper-slide\" data-tab=\"slide-2\"><div class=\"wp-swiper__overlay-color\" style=\"background-color:rgba(0, 0, 0, 0)\"><\/div><div class=\"wp-swiper__slide-content\" style=\"max-width:100%\">\n<figure class=\"wp-block-image size-large\"><img loading=\"lazy\" decoding=\"async\" width=\"1024\" height=\"683\" src=\"https:\/\/wododzial.pl\/wp-content\/uploads\/2022\/02\/DSC5726_1920x1080-1024x683.webp\" alt=\"\" class=\"wp-image-2907\" srcset=\"https:\/\/wododzial.pl\/wp-content\/uploads\/2022\/02\/DSC5726_1920x1080-1024x683.webp 1024w, https:\/\/wododzial.pl\/wp-content\/uploads\/2022\/02\/DSC5726_1920x1080-300x200.webp 300w, https:\/\/wododzial.pl\/wp-content\/uploads\/2022\/02\/DSC5726_1920x1080-768x512.webp 768w, https:\/\/wododzial.pl\/wp-content\/uploads\/2022\/02\/DSC5726_1920x1080-1536x1024.webp 1536w, https:\/\/wododzial.pl\/wp-content\/uploads\/2022\/02\/DSC5726_1920x1080.webp 1920w\" sizes=\"auto, (max-width: 1024px) 100vw, 1024px\" \/><\/figure>\n<\/div><\/div>\n<\/div><\/div><\/div><div class=\"swiper-pagination\"><\/div><\/div>\n\n\n\n<div class=\"wp-block-columns are-vertically-aligned-bottom relative px-5 mt-14 mb-0 lg:px-24 lg:pb-14 lg:mt-20 is-layout-flex wp-container-core-columns-is-layout-9d6595d7 wp-block-columns-is-layout-flex\">\n<div class=\"wp-block-column is-vertically-aligned-bottom mb-7 lg:mb-0 is-layout-flow wp-block-column-is-layout-flow\" style=\"flex-basis:75%\">\n<figure class=\"wp-block-image size-large w-11 mb-9 lg:absolute lg:top-0 lg:right-24 lg:w-auto\"><img loading=\"lazy\" decoding=\"async\" width=\"61\" height=\"61\" src=\"http:\/\/wododzial.pl\/wp-content\/uploads\/2021\/11\/decor-slady-nieobecnych.svg\" alt=\"\" class=\"wp-image-107\"\/><\/figure>\n\n\n\n<h2 class=\"font-extrabold mb-7 text-3xl lg:text-4xl lg:mb-10 wp-block-heading\" id=\"slady-nieobecnych\">\u0421\u043b\u0456\u0434\u0438 \u0432\u0456\u0434\u0441\u0443\u0442\u043d\u0456\u0445<\/h2>\n\n\n\n<p class=\"text-lg lg:text-xl\">\u0426\u044f \u0442\u0435\u0440\u0438\u0442\u043e\u0440\u0456\u044f \u0431\u0443\u043b\u0430 \u0441\u0432\u0456\u0434\u043a\u043e\u043c \u0413\u043e\u043b\u043e\u043a\u043e\u0441\u0442\u0443 \u0442\u0430 \u043c\u0430\u0441\u043e\u0432\u0438\u0445 \u0434\u0435\u043f\u043e\u0440\u0442\u0430\u0446\u0456\u0439, \u0449\u043e \u043f\u0440\u0438\u0437\u0432\u0435\u043b\u0438 \u0434\u043e \u0437\u043d\u0438\u043a\u043d\u0435\u043d\u043d\u044f \u0446\u0456\u043b\u0438\u0445 \u0433\u0440\u043e\u043c\u0430\u0434. \u0407\u0445\u043d\u0456 \u0441\u043b\u0456\u0434\u0438 \u2014 \u043c\u043e\u0433\u0438\u043b\u0438 \u0457\u0445\u043d\u0456\u0445 \u043f\u0440\u0435\u0434\u043a\u0456\u0432, \u0447\u0430\u0441\u0442\u043e \u0436\u0430\u0434\u0456\u0431\u043d\u043e \u043f\u043e\u0433\u043b\u0438\u043d\u0443\u0442\u0456 \u043f\u0440\u0438\u0440\u043e\u0434\u043e\u044e, \u0430 \u0442\u0430\u043a\u043e\u0436 \u0440\u0443\u0457\u043d\u0438 \u0445\u0440\u0430\u043c\u0456\u0432, \u0443 \u044f\u043a\u0438\u0445 \u0442\u043e\u0434\u0456\u0448\u043d\u0456 \u043c\u0435\u0448\u043a\u0430\u043d\u0446\u0456, \u0441\u043b\u0430\u0432\u043b\u044f\u0447\u0438 \u0412\u0441\u0435\u0432\u0438\u0448\u043d\u044c\u043e\u0433\u043e \u043c\u043e\u0432\u0430\u043c\u0438 \u0441\u0432\u043e\u0457\u0445 \u043c\u043e\u043b\u0438\u0442\u043e\u0432, \u0441\u043a\u043e\u0440\u0456\u0448 \u0437\u0430 \u0432\u0441\u0435, \u043d\u0435 \u043f\u0440\u0438\u043f\u0443\u0441\u043a\u0430\u043b\u0438, \u0449\u043e \u0434\u043e\u043b\u044f \u0432\u0438\u043a\u0438\u043d\u0435 \u0457\u0445 \u0437-\u043f\u0456\u0434 \u043a\u0430\u0440\u043f\u0430\u0442\u0441\u044c\u043a\u0438\u0445 \u0434\u0430\u0445\u0456\u0432.  <\/p>\n\n\n\n<p><\/p>\n<\/div>\n\n\n\n<div class=\"wp-block-column is-vertically-aligned-bottom flex flex-col justify-between items-end is-layout-flow wp-block-column-is-layout-flow\" style=\"flex-basis:25%\">\n<p class=\"btn-more btn-more--white\"><a href=\"https:\/\/wododzial.pl\/uk\/%d1%80%d0%b5%d1%81%d1%83%d1%80%d1%81%d0%b8\/\">Zobacz pe\u0142n\u0105 galeri\u0119<\/a><\/p>\n<\/div>\n<\/div>\n\n\n\n<div class=\"wp-swiper is-style-default featured-slider featured-slider--left mt-5 lg:mt-10 lg:mr-24\"><div class=\"wp-swiper__wrapper\"><div class=\"swiper-container\" data-slidesperview=\"1\" data-navigation=\"false\" data-pagination=\"true\" data-autoplay=\"false\" data-delay=\"3000\" data-speed=\"500\" data-loop=\"false\" data-effect=\"slide\" data-spacebetween=\"0\" data-mousewheel=\"false\" data-releaseonedges=\"false\" data-clickablepagination=\"true\"><div class=\"swiper-wrapper\">\n<div class=\"wp-swiper__slide swiper-slide\" data-tab=\"slide-1\"><div class=\"wp-swiper__overlay-color\" style=\"background-color:rgba(0, 0, 0, 0)\"><\/div><div class=\"wp-swiper__slide-content\" style=\"max-width:100%\">\n<figure class=\"wp-block-image size-large\"><img loading=\"lazy\" decoding=\"async\" width=\"1024\" height=\"683\" src=\"https:\/\/wododzial.pl\/wp-content\/uploads\/2022\/02\/DSC0176_1920x1280-1024x683.webp\" alt=\"\" class=\"wp-image-2899\" srcset=\"https:\/\/wododzial.pl\/wp-content\/uploads\/2022\/02\/DSC0176_1920x1280-1024x683.webp 1024w, https:\/\/wododzial.pl\/wp-content\/uploads\/2022\/02\/DSC0176_1920x1280-300x200.webp 300w, https:\/\/wododzial.pl\/wp-content\/uploads\/2022\/02\/DSC0176_1920x1280-768x512.webp 768w, https:\/\/wododzial.pl\/wp-content\/uploads\/2022\/02\/DSC0176_1920x1280-1536x1024.webp 1536w, https:\/\/wododzial.pl\/wp-content\/uploads\/2022\/02\/DSC0176_1920x1280.webp 1920w\" sizes=\"auto, (max-width: 1024px) 100vw, 1024px\" \/><\/figure>\n<\/div><\/div>\n\n\n\n<div class=\"wp-swiper__slide swiper-slide\" data-tab=\"slide-2\"><div class=\"wp-swiper__overlay-color\" style=\"background-color:rgba(0, 0, 0, 0)\"><\/div><div class=\"wp-swiper__slide-content\" style=\"max-width:100%\">\n<figure class=\"wp-block-image size-large\"><img loading=\"lazy\" decoding=\"async\" width=\"1024\" height=\"683\" src=\"https:\/\/wododzial.pl\/wp-content\/uploads\/2022\/02\/DSC0283_1920x1280-1024x683.webp\" alt=\"\" class=\"wp-image-2891\" srcset=\"https:\/\/wododzial.pl\/wp-content\/uploads\/2022\/02\/DSC0283_1920x1280-1024x683.webp 1024w, https:\/\/wododzial.pl\/wp-content\/uploads\/2022\/02\/DSC0283_1920x1280-300x200.webp 300w, https:\/\/wododzial.pl\/wp-content\/uploads\/2022\/02\/DSC0283_1920x1280-768x512.webp 768w, https:\/\/wododzial.pl\/wp-content\/uploads\/2022\/02\/DSC0283_1920x1280-1536x1024.webp 1536w, https:\/\/wododzial.pl\/wp-content\/uploads\/2022\/02\/DSC0283_1920x1280.webp 1920w\" sizes=\"auto, (max-width: 1024px) 100vw, 1024px\" \/><\/figure>\n<\/div><\/div>\n\n\n\n<div class=\"wp-swiper__slide swiper-slide\" data-tab=\"slide-3\"><div class=\"wp-swiper__overlay-color\" style=\"background-color:rgba(0, 0, 0, 0)\"><\/div><div class=\"wp-swiper__slide-content\">\n<figure class=\"wp-block-image size-large\"><img loading=\"lazy\" decoding=\"async\" width=\"1024\" height=\"683\" src=\"https:\/\/wododzial.pl\/wp-content\/uploads\/2022\/02\/DSC4880_1920x1280-1024x683.webp\" alt=\"\" class=\"wp-image-2883\" srcset=\"https:\/\/wododzial.pl\/wp-content\/uploads\/2022\/02\/DSC4880_1920x1280-1024x683.webp 1024w, https:\/\/wododzial.pl\/wp-content\/uploads\/2022\/02\/DSC4880_1920x1280-300x200.webp 300w, https:\/\/wododzial.pl\/wp-content\/uploads\/2022\/02\/DSC4880_1920x1280-768x512.webp 768w, https:\/\/wododzial.pl\/wp-content\/uploads\/2022\/02\/DSC4880_1920x1280-1536x1024.webp 1536w, https:\/\/wododzial.pl\/wp-content\/uploads\/2022\/02\/DSC4880_1920x1280.webp 1920w\" sizes=\"auto, (max-width: 1024px) 100vw, 1024px\" \/><\/figure>\n<\/div><\/div>\n\n\n\n<div class=\"wp-swiper__slide swiper-slide\" data-tab=\"slide-4\"><div class=\"wp-swiper__overlay-color\" style=\"background-color:rgba(0, 0, 0, 0)\"><\/div><div class=\"wp-swiper__slide-content\">\n<figure class=\"wp-block-image size-large\"><img loading=\"lazy\" decoding=\"async\" width=\"1024\" height=\"683\" src=\"https:\/\/wododzial.pl\/wp-content\/uploads\/2022\/02\/DSC5863_1920x1280-1024x683.webp\" alt=\"\" class=\"wp-image-2887\" srcset=\"https:\/\/wododzial.pl\/wp-content\/uploads\/2022\/02\/DSC5863_1920x1280-1024x683.webp 1024w, https:\/\/wododzial.pl\/wp-content\/uploads\/2022\/02\/DSC5863_1920x1280-300x200.webp 300w, https:\/\/wododzial.pl\/wp-content\/uploads\/2022\/02\/DSC5863_1920x1280-768x512.webp 768w, https:\/\/wododzial.pl\/wp-content\/uploads\/2022\/02\/DSC5863_1920x1280-1536x1024.webp 1536w, https:\/\/wododzial.pl\/wp-content\/uploads\/2022\/02\/DSC5863_1920x1280.webp 1920w\" sizes=\"auto, (max-width: 1024px) 100vw, 1024px\" \/><\/figure>\n<\/div><\/div>\n\n\n\n<div class=\"wp-swiper__slide swiper-slide\" data-tab=\"slide-5\"><div class=\"wp-swiper__overlay-color\" style=\"background-color:rgba(0, 0, 0, 0)\"><\/div><div class=\"wp-swiper__slide-content\">\n<figure class=\"wp-block-image size-large\"><img loading=\"lazy\" decoding=\"async\" width=\"1024\" height=\"683\" src=\"https:\/\/wododzial.pl\/wp-content\/uploads\/2022\/02\/DSC6515_1920x1280-1024x683.webp\" alt=\"\" class=\"wp-image-2895\" srcset=\"https:\/\/wododzial.pl\/wp-content\/uploads\/2022\/02\/DSC6515_1920x1280-1024x683.webp 1024w, https:\/\/wododzial.pl\/wp-content\/uploads\/2022\/02\/DSC6515_1920x1280-300x200.webp 300w, https:\/\/wododzial.pl\/wp-content\/uploads\/2022\/02\/DSC6515_1920x1280-768x512.webp 768w, https:\/\/wododzial.pl\/wp-content\/uploads\/2022\/02\/DSC6515_1920x1280-1536x1024.webp 1536w, https:\/\/wododzial.pl\/wp-content\/uploads\/2022\/02\/DSC6515_1920x1280.webp 1920w\" sizes=\"auto, (max-width: 1024px) 100vw, 1024px\" \/><\/figure>\n<\/div><\/div>\n<\/div><\/div><\/div><div class=\"swiper-pagination\"><\/div><\/div>\n<\/div><\/section>\n\n<p><\/p>\n","protected":false},"excerpt":{"rendered":"<p>\u041f\u0440\u0435\u0434\u0441\u0442\u0430\u0432\u043b\u0435\u043d\u0456 \u0444\u043e\u0442\u043e-, \u0430\u0443\u0434\u0456\u043e- \u0442\u0430 \u0432\u0456\u0434\u0435\u043e\u043c\u0430\u0442\u0435\u0440\u0456\u0430\u043b\u0438 \u0437\u0456\u0431\u0440\u0430\u043d\u0456 \u0432 \u0440\u0430\u043c\u043a\u0430\u0445 \u043f\u0440\u043e\u0454\u043a\u0442\u0443 \u00ab\u041c\u043e\u0432\u043b\u0435\u043d\u043d\u044f \u0456\u0437 \u0437\u0430\u0431\u0443\u0442\u043e\u0433\u043e \u0454\u0432\u0440\u043e\u043f\u0435\u0439\u0441\u044c\u043a\u043e\u0433\u043e \u043f\u043e\u0433\u0440\u0430\u043d\u0438\u0447\u0447\u044f: \u041a\u0430\u0440\u043f\u0430\u0442\u0441\u044c\u043a\u0438\u0439 \u0432\u043e\u0434\u043e\u0434\u0456\u043b \u0443 \u043f\u043e\u043b\u0456\u0444\u043e\u043d\u0456\u0457 \u0433\u043e\u043b\u043e\u0441\u0456\u0432\u00bb \u041f\u043e\u0433\u0440\u0430\u043d\u0438\u0447\u0447\u044f \u043d\u0430\u0446\u0456\u043e\u043d\u0430\u043b\u044c\u043d\u0438\u0445 \u0434\u0435\u0440\u0436\u0430\u0432 \u041a\u0430\u0440\u043f\u0430\u0442\u0441\u044c\u043a\u043e\u0433\u043e \u0432\u043e\u0434\u043e\u0434\u0456\u043b\u0443 \u0454 \u043f\u0440\u043e\u0441\u0442\u043e\u0440\u0430\u043c\u0438 \u043d\u0430\u043a\u043b\u0430\u0434\u0430\u043d\u043d\u044f \u043e\u0434\u0438\u043d \u043d\u0430 \u043e\u0434\u043d\u043e\u0433\u043e \u0440\u0456\u0437\u043d\u0438\u0445 \u0456\u043d\u0442\u0435\u0440\u043f\u0440\u0435\u0442\u0430\u0446\u0456\u0439 \u043c\u0438\u043d\u0443\u043b\u043e\u0433\u043e \u0442\u0430 \u043f\u043e\u043b\u0456\u0442\u0438\u043a \u043f\u0430\u043c\u2019\u044f\u0442\u0456. \u041c\u0456\u0441\u0446\u044f\u043c\u0438 \u043f\u0430\u043c\u2019\u044f\u0442\u0456 \u0454 \u044f\u043a \u0441\u0430\u043c\u0456 \u043a\u043e\u0440\u0434\u043e\u043d\u0438, \u0442\u0430\u043a \u0456 \u0457\u0445 \u043f\u0440\u0438\u043a\u043e\u0440\u0434\u043e\u043d\u043d\u0456 \u043b\u0430\u043d\u0434\u0448\u0430\u0444\u0442\u0438 (borderscapes), \u043d\u0430\u0441\u0438\u0447\u0435\u043d\u0456 \u043d\u0430\u0446\u0456\u043e\u043d\u0430\u043b\u044c\u043d\u043e\u044e \u0441\u0438\u043c\u0432\u043e\u043b\u0456\u043a\u043e\u044e \u0442\u0430 \u043f\u0430\u043c\u2019\u044f\u0442\u043d\u0438\u043c\u0438 \u0437\u043d\u0430\u043a\u0430\u043c\u0438. \u0412\u043d\u0430\u0441\u043b\u0456\u0434\u043e\u043a &hellip; <a href=\"https:\/\/wododzial.pl\/uk\/\">Continued<\/a><\/p>\n","protected":false},"author":1,"featured_media":0,"parent":0,"menu_order":0,"comment_status":"closed","ping_status":"closed","template":"","meta":{"inline_featured_image":false,"footnotes":""},"class_list":["post-942","page","type-page","status-publish","hentry"],"acf":[],"_links":{"self":[{"href":"https:\/\/wododzial.pl\/uk\/wp-json\/wp\/v2\/pages\/942","targetHints":{"allow":["GET"]}}],"collection":[{"href":"https:\/\/wododzial.pl\/uk\/wp-json\/wp\/v2\/pages"}],"about":[{"href":"https:\/\/wododzial.pl\/uk\/wp-json\/wp\/v2\/types\/page"}],"author":[{"embeddable":true,"href":"https:\/\/wododzial.pl\/uk\/wp-json\/wp\/v2\/users\/1"}],"replies":[{"embeddable":true,"href":"https:\/\/wododzial.pl\/uk\/wp-json\/wp\/v2\/comments?post=942"}],"version-history":[{"count":4,"href":"https:\/\/wododzial.pl\/uk\/wp-json\/wp\/v2\/pages\/942\/revisions"}],"predecessor-version":[{"id":2917,"href":"https:\/\/wododzial.pl\/uk\/wp-json\/wp\/v2\/pages\/942\/revisions\/2917"}],"wp:attachment":[{"href":"https:\/\/wododzial.pl\/uk\/wp-json\/wp\/v2\/media?parent=942"}],"curies":[{"name":"wp","href":"https:\/\/api.w.org\/{rel}","templated":true}]}}