{"id":940,"date":"2021-11-16T14:05:40","date_gmt":"2021-11-16T13:05:40","guid":{"rendered":"http:\/\/wododzial.pl\/domov\/"},"modified":"2022-02-28T12:31:56","modified_gmt":"2022-02-28T11:31:56","slug":"domov","status":"publish","type":"page","link":"https:\/\/wododzial.pl\/sk\/","title":{"rendered":"Domov"},"content":{"rendered":"\n<section class=\"wp-block-group front-lead layout\"><div class=\"wp-block-group__inner-container is-layout-flow wp-block-group-is-layout-flow\">\n<div class=\"wp-block-columns front-lead-first-row px-5 lg:px-24 is-layout-flex wp-container-core-columns-is-layout-9d6595d7 wp-block-columns-is-layout-flex\">\n<div class=\"wp-block-column is-layout-flow wp-block-column-is-layout-flow\" style=\"flex-basis:62.5%\">\n<p class=\"text-2xl font-medium lg:text-3xl\" style=\"line-height:1.5\">Prezentovan\u00e9 fotografick\u00e9, audio aj video materi\u00e1ly boli zhroma\u017eden\u00e9 v r\u00e1mci projektu<\/p>\n<\/div>\n<\/div>\n\n\n\n<div class=\"wp-block-columns front-lead-second-row mb-0 px-5 lg:px-24 is-layout-flex wp-container-core-columns-is-layout-9d6595d7 wp-block-columns-is-layout-flex\">\n<div class=\"wp-block-column front-lead-second-row__left is-layout-flow wp-block-column-is-layout-flow\" style=\"flex-basis:62.5%\">\n<h2 class=\"relative text-3xl font-extrabold z-10 lg:text-4xl wp-block-heading\" id=\"broadcasting-from-the-forgotten-european-borderlands-carpathian-watershed-in-the-polyphony-of-voices\">Broadcasting from the Forgotten European Borderlands: Carpathian Watershed in the Polyphony of Voices.<\/h2>\n\n\n\n<figure class=\"wp-block-image size-large mb-0\"><img loading=\"lazy\" decoding=\"async\" width=\"1024\" height=\"684\" src=\"http:\/\/wododzial.pl\/wp-content\/uploads\/2021\/11\/image-1024x684.jpg\" alt=\"\" class=\"wp-image-19\" srcset=\"https:\/\/wododzial.pl\/wp-content\/uploads\/2021\/11\/image-1024x684.jpg 1024w, https:\/\/wododzial.pl\/wp-content\/uploads\/2021\/11\/image-300x200.jpg 300w, https:\/\/wododzial.pl\/wp-content\/uploads\/2021\/11\/image-768x513.jpg 768w, https:\/\/wododzial.pl\/wp-content\/uploads\/2021\/11\/image.jpg 1258w\" sizes=\"auto, (max-width: 1024px) 100vw, 1024px\" \/><\/figure>\n<\/div>\n\n\n\n<div class=\"wp-block-column front-lead-second-row__right mt-10 lg:mt-0 is-layout-flow wp-block-column-is-layout-flow\">\n<figure class=\"wp-block-image size-large\"><img loading=\"lazy\" decoding=\"async\" width=\"28\" height=\"28\" src=\"http:\/\/wododzial.pl\/wp-content\/uploads\/2021\/11\/decor.svg\" alt=\"\" class=\"wp-image-115\"\/><\/figure>\n\n\n\n<p class=\"text-lg font-medium lg:text-xl\">Pohrani\u010dn\u00e9 \u00fazemia n\u00e1rodn\u00fdch \u0161t\u00e1tov v oblasti okolo karpatsk\u00e9ho rozvodia s\u00fa priestorom, ktor\u00fd prekr\u00fdva interpret\u00e1ciu minulosti s politickou pam\u00e4\u0165ou. Miestami pam\u00e4te s\u00fa ako samotn\u00e9 hranice, tak aj ich hrani\u010dn\u00e1 krajina pres\u00fdten\u00e1 n\u00e1rodnou symbolikou a pamiatkou (<em>borderscapes<\/em>). V d\u00f4sledku pres\u00favania hran\u00edc, migr\u00e1cie, prev\u00e1dza\u010dstva a man\u017eelsk\u00fdch vz\u0165ahov sa pam\u00e4\u0165 v pohrani\u010d\u00ed charakterizuje polyf\u00f3niou.<\/p>\n<\/div>\n<\/div>\n\n\n\n<div class=\"wp-block-columns are-vertically-aligned-center front-lead-third-row relative mt-10 mb-0 lg:px-24 lg:mt-0 is-layout-flex wp-container-core-columns-is-layout-9d6595d7 wp-block-columns-is-layout-flex\">\n<div class=\"wp-block-column is-vertically-aligned-center front-lead-third-row__left order-2 lg:order-1 is-layout-flow wp-block-column-is-layout-flow\" style=\"flex-basis:62.5%\">\n<div class=\"wp-block-group custom-blockquote\"><div class=\"wp-block-group__inner-container is-layout-flow wp-block-group-is-layout-flow\">\n<p class=\"custom-blockquote__text\">rozpr\u00e1vanie o tejto oblasti mo\u017eno poja\u0165 iba polyf\u00f3nne<\/p>\n\n\n\n<p class=\"custom-blockquote__more btn-more\"><a href=\"https:\/\/wododzial.pl\/sk\/o-projekte\/\">wi\u0119cej o projekcie<\/a><\/p>\n<\/div><\/div>\n<\/div>\n\n\n\n<div class=\"wp-block-column is-vertically-aligned-center front-lead-third-row__right order-1 lg:order-2 is-layout-flow wp-block-column-is-layout-flow\">\n<figure class=\"wp-block-image size-full\"><img loading=\"lazy\" decoding=\"async\" width=\"920\" height=\"848\" src=\"http:\/\/wododzial.pl\/wp-content\/uploads\/2021\/11\/DSC2116_uzok.jpg\" alt=\"\" class=\"wp-image-66\" srcset=\"https:\/\/wododzial.pl\/wp-content\/uploads\/2021\/11\/DSC2116_uzok.jpg 920w, https:\/\/wododzial.pl\/wp-content\/uploads\/2021\/11\/DSC2116_uzok-300x277.jpg 300w, https:\/\/wododzial.pl\/wp-content\/uploads\/2021\/11\/DSC2116_uzok-768x708.jpg 768w\" sizes=\"auto, (max-width: 920px) 100vw, 920px\" \/><\/figure>\n\n\n\n<figure class=\"wp-block-image size-large\"><img loading=\"lazy\" decoding=\"async\" width=\"323\" height=\"43\" src=\"http:\/\/wododzial.pl\/wp-content\/uploads\/2021\/11\/decor-horizontal-white.svg\" alt=\"\" class=\"wp-image-72\"\/><\/figure>\n<\/div>\n<\/div>\n<\/div><\/section>\n\n<div style=\"height:100px\" aria-hidden=\"true\" class=\"wp-block-spacer\"><\/div>\n\n<section class=\"wp-block-group front-featured layout text-white\"><div class=\"wp-block-group__inner-container is-layout-flow wp-block-group-is-layout-flow\">\n<div class=\"wp-block-columns are-vertically-aligned-bottom featured-monuments relative px-5 mb-0 pb-5 lg:px-24 lg:pb-14 is-layout-flex wp-container-core-columns-is-layout-9d6595d7 wp-block-columns-is-layout-flex\">\n<div class=\"wp-block-column is-vertically-aligned-bottom mb-7 lg:mb-0 is-layout-flow wp-block-column-is-layout-flow\" style=\"flex-basis:75%\">\n<figure class=\"wp-block-image size-large w-11 mb-9 lg:absolute lg:top-0 lg:right-24 lg:w-auto\"><img loading=\"lazy\" decoding=\"async\" width=\"61\" height=\"61\" src=\"http:\/\/wododzial.pl\/wp-content\/uploads\/2021\/11\/decor-pomnik-pamieci.svg\" alt=\"\" class=\"wp-image-94\"\/><\/figure>\n\n\n\n<h2 class=\"font-extrabold mb-7 text-3xl lg:text-4xl lg:mb-10 wp-block-heading\" id=\"pomniki-pamieci\">Pomniki pami\u0119ci<\/h2>\n\n\n\n<p class=\"text-lg lg:text-xl\">V priebehu XX. storo\u010dia si novo vzniknut\u00e9 \u0161t\u00e1ty rozdelili karpatsk\u00e9 \u00fazemie. V s\u00fa\u010dasnej dobe tvoria hranice medzi krajinami horsk\u00e9 hrebene a \u00fadolia riek. V \u00fadoliach n\u00e1jdete desiatky st\u00f4p minulosti, najm\u00e4 z minul\u00e9ho storo\u010dia. T\u00e1to krajina je posiata pomn\u00edkmi hrdinov, oslobodite\u013eov, v\u00fdznamn\u00fdch osobnost\u00ed a obet\u00ed. Minulos\u0165 pripom\u00ednaj\u00fa tie\u017e stopy po zaniknut\u00fdch \u0161t\u00e1toch: hrani\u010dn\u00e9 st\u013apy a architektonick\u00e9 prvky.     <\/p>\n\n\n\n<p><\/p>\n<\/div>\n\n\n\n<div class=\"wp-block-column is-vertically-aligned-bottom flex flex-col justify-between items-end is-layout-flow wp-block-column-is-layout-flow\" style=\"flex-basis:25%\">\n<p class=\"btn-more btn-more--white\"><a href=\"https:\/\/wododzial.pl\/sk\/zdrojov\/\">Zobacz pe\u0142n\u0105 galeri\u0119<\/a><\/p>\n<\/div>\n<\/div>\n\n\n\n<div class=\"wp-swiper is-style-default featured-slider featured-slider--right ml-5 lg:ml-24\"><div class=\"wp-swiper__wrapper\"><div class=\"swiper-container\" data-slidesperview=\"1\" data-navigation=\"false\" data-pagination=\"true\" data-autoplay=\"false\" data-delay=\"3000\" data-speed=\"500\" data-loop=\"false\" data-effect=\"slide\" data-spacebetween=\"0\" data-mousewheel=\"false\" data-releaseonedges=\"false\" data-clickablepagination=\"true\"><div class=\"swiper-wrapper\">\n<div class=\"wp-swiper__slide swiper-slide\" data-tab=\"slide-1\"><div class=\"wp-swiper__overlay-color\" style=\"background-color:rgba(0, 0, 0, 0)\"><\/div><div class=\"wp-swiper__slide-content\" style=\"max-width:100%\">\n<figure class=\"wp-block-image size-large\"><img loading=\"lazy\" decoding=\"async\" width=\"1024\" height=\"683\" src=\"https:\/\/wododzial.pl\/wp-content\/uploads\/2022\/02\/DSC1980_1920x1280-1024x683.webp\" alt=\"\" class=\"wp-image-2903\" srcset=\"https:\/\/wododzial.pl\/wp-content\/uploads\/2022\/02\/DSC1980_1920x1280-1024x683.webp 1024w, https:\/\/wododzial.pl\/wp-content\/uploads\/2022\/02\/DSC1980_1920x1280-300x200.webp 300w, https:\/\/wododzial.pl\/wp-content\/uploads\/2022\/02\/DSC1980_1920x1280-768x512.webp 768w, https:\/\/wododzial.pl\/wp-content\/uploads\/2022\/02\/DSC1980_1920x1280-1536x1024.webp 1536w, https:\/\/wododzial.pl\/wp-content\/uploads\/2022\/02\/DSC1980_1920x1280.webp 1920w\" sizes=\"auto, (max-width: 1024px) 100vw, 1024px\" \/><\/figure>\n<\/div><\/div>\n\n\n\n<div class=\"wp-swiper__slide swiper-slide\" data-tab=\"slide-2\"><div class=\"wp-swiper__overlay-color\" style=\"background-color:rgba(0, 0, 0, 0)\"><\/div><div class=\"wp-swiper__slide-content\" style=\"max-width:100%\">\n<figure class=\"wp-block-image size-large\"><img loading=\"lazy\" decoding=\"async\" width=\"1024\" height=\"683\" src=\"https:\/\/wododzial.pl\/wp-content\/uploads\/2022\/02\/DSC5726_1920x1080-1024x683.webp\" alt=\"\" class=\"wp-image-2907\" srcset=\"https:\/\/wododzial.pl\/wp-content\/uploads\/2022\/02\/DSC5726_1920x1080-1024x683.webp 1024w, https:\/\/wododzial.pl\/wp-content\/uploads\/2022\/02\/DSC5726_1920x1080-300x200.webp 300w, https:\/\/wododzial.pl\/wp-content\/uploads\/2022\/02\/DSC5726_1920x1080-768x512.webp 768w, https:\/\/wododzial.pl\/wp-content\/uploads\/2022\/02\/DSC5726_1920x1080-1536x1024.webp 1536w, https:\/\/wododzial.pl\/wp-content\/uploads\/2022\/02\/DSC5726_1920x1080.webp 1920w\" sizes=\"auto, (max-width: 1024px) 100vw, 1024px\" \/><\/figure>\n<\/div><\/div>\n<\/div><\/div><\/div><div class=\"swiper-pagination\"><\/div><\/div>\n\n\n\n<div class=\"wp-block-columns are-vertically-aligned-bottom relative px-5 mt-14 mb-0 lg:px-24 lg:pb-14 lg:mt-20 is-layout-flex wp-container-core-columns-is-layout-9d6595d7 wp-block-columns-is-layout-flex\">\n<div class=\"wp-block-column is-vertically-aligned-bottom mb-7 lg:mb-0 is-layout-flow wp-block-column-is-layout-flow\" style=\"flex-basis:75%\">\n<figure class=\"wp-block-image size-large w-11 mb-9 lg:absolute lg:top-0 lg:right-24 lg:w-auto\"><img loading=\"lazy\" decoding=\"async\" width=\"61\" height=\"61\" src=\"http:\/\/wododzial.pl\/wp-content\/uploads\/2021\/11\/decor-slady-nieobecnych.svg\" alt=\"\" class=\"wp-image-107\"\/><\/figure>\n\n\n\n<h2 class=\"font-extrabold mb-7 text-3xl lg:text-4xl lg:mb-10 wp-block-heading\" id=\"slady-nieobecnych\">Stopy po nepr\u00edtomn\u00fdch<\/h2>\n\n\n\n<p class=\"text-lg lg:text-xl\">V tejto oblasti prebiehal holokaust a masov\u00e9 deport\u00e1cie, ktor\u00e9 viedli k z\u00e1niku cel\u00fdch komun\u00edt. Stopy po nich s\u00fa hroby ich predkov, \u010dasto la\u010dne pohlten\u00e9 pr\u00edrodou, rovnako ako ruiny chr\u00e1mov, kde vtedaj\u0161\u00ed obyvatelia \u2013 chv\u00e1liaci Stvorite\u013ea vo svojich modlitebn\u00fdch jazykoch \u2013 pravdepodobne ne\u010dakali, \u017ee ich osud vyhod\u00ed z ich karpatsk\u00fdch domovov.  <\/p>\n\n\n\n<p><\/p>\n<\/div>\n\n\n\n<div class=\"wp-block-column is-vertically-aligned-bottom flex flex-col justify-between items-end is-layout-flow wp-block-column-is-layout-flow\" style=\"flex-basis:25%\">\n<p class=\"btn-more btn-more--white\"><a href=\"https:\/\/wododzial.pl\/sk\/zdrojov\/\">Zobacz pe\u0142n\u0105 galeri\u0119<\/a><\/p>\n<\/div>\n<\/div>\n\n\n\n<div class=\"wp-swiper is-style-default featured-slider featured-slider--left mt-5 lg:mt-10 lg:mr-24\"><div class=\"wp-swiper__wrapper\"><div class=\"swiper-container\" data-slidesperview=\"1\" data-navigation=\"false\" data-pagination=\"true\" data-autoplay=\"false\" data-delay=\"3000\" data-speed=\"500\" data-loop=\"false\" data-effect=\"slide\" data-spacebetween=\"0\" data-mousewheel=\"false\" data-releaseonedges=\"false\" data-clickablepagination=\"true\"><div class=\"swiper-wrapper\">\n<div class=\"wp-swiper__slide swiper-slide\" data-tab=\"slide-1\"><div class=\"wp-swiper__overlay-color\" style=\"background-color:rgba(0, 0, 0, 0)\"><\/div><div class=\"wp-swiper__slide-content\" style=\"max-width:100%\">\n<figure class=\"wp-block-image size-large\"><img loading=\"lazy\" decoding=\"async\" width=\"1024\" height=\"683\" src=\"https:\/\/wododzial.pl\/wp-content\/uploads\/2022\/02\/DSC0176_1920x1280-1024x683.webp\" alt=\"\" class=\"wp-image-2899\" srcset=\"https:\/\/wododzial.pl\/wp-content\/uploads\/2022\/02\/DSC0176_1920x1280-1024x683.webp 1024w, https:\/\/wododzial.pl\/wp-content\/uploads\/2022\/02\/DSC0176_1920x1280-300x200.webp 300w, https:\/\/wododzial.pl\/wp-content\/uploads\/2022\/02\/DSC0176_1920x1280-768x512.webp 768w, https:\/\/wododzial.pl\/wp-content\/uploads\/2022\/02\/DSC0176_1920x1280-1536x1024.webp 1536w, https:\/\/wododzial.pl\/wp-content\/uploads\/2022\/02\/DSC0176_1920x1280.webp 1920w\" sizes=\"auto, (max-width: 1024px) 100vw, 1024px\" \/><\/figure>\n<\/div><\/div>\n\n\n\n<div class=\"wp-swiper__slide swiper-slide\" data-tab=\"slide-2\"><div class=\"wp-swiper__overlay-color\" style=\"background-color:rgba(0, 0, 0, 0)\"><\/div><div class=\"wp-swiper__slide-content\" style=\"max-width:100%\">\n<figure class=\"wp-block-image size-large\"><img loading=\"lazy\" decoding=\"async\" width=\"1024\" height=\"683\" src=\"https:\/\/wododzial.pl\/wp-content\/uploads\/2022\/02\/DSC0283_1920x1280-1024x683.webp\" alt=\"\" class=\"wp-image-2891\" srcset=\"https:\/\/wododzial.pl\/wp-content\/uploads\/2022\/02\/DSC0283_1920x1280-1024x683.webp 1024w, https:\/\/wododzial.pl\/wp-content\/uploads\/2022\/02\/DSC0283_1920x1280-300x200.webp 300w, https:\/\/wododzial.pl\/wp-content\/uploads\/2022\/02\/DSC0283_1920x1280-768x512.webp 768w, https:\/\/wododzial.pl\/wp-content\/uploads\/2022\/02\/DSC0283_1920x1280-1536x1024.webp 1536w, https:\/\/wododzial.pl\/wp-content\/uploads\/2022\/02\/DSC0283_1920x1280.webp 1920w\" sizes=\"auto, (max-width: 1024px) 100vw, 1024px\" \/><\/figure>\n<\/div><\/div>\n\n\n\n<div class=\"wp-swiper__slide swiper-slide\" data-tab=\"slide-3\"><div class=\"wp-swiper__overlay-color\" style=\"background-color:rgba(0, 0, 0, 0)\"><\/div><div class=\"wp-swiper__slide-content\">\n<figure class=\"wp-block-image size-large\"><img loading=\"lazy\" decoding=\"async\" width=\"1024\" height=\"683\" src=\"https:\/\/wododzial.pl\/wp-content\/uploads\/2022\/02\/DSC4880_1920x1280-1024x683.webp\" alt=\"\" class=\"wp-image-2883\" srcset=\"https:\/\/wododzial.pl\/wp-content\/uploads\/2022\/02\/DSC4880_1920x1280-1024x683.webp 1024w, https:\/\/wododzial.pl\/wp-content\/uploads\/2022\/02\/DSC4880_1920x1280-300x200.webp 300w, https:\/\/wododzial.pl\/wp-content\/uploads\/2022\/02\/DSC4880_1920x1280-768x512.webp 768w, https:\/\/wododzial.pl\/wp-content\/uploads\/2022\/02\/DSC4880_1920x1280-1536x1024.webp 1536w, https:\/\/wododzial.pl\/wp-content\/uploads\/2022\/02\/DSC4880_1920x1280.webp 1920w\" sizes=\"auto, (max-width: 1024px) 100vw, 1024px\" \/><\/figure>\n<\/div><\/div>\n\n\n\n<div class=\"wp-swiper__slide swiper-slide\" data-tab=\"slide-4\"><div class=\"wp-swiper__overlay-color\" style=\"background-color:rgba(0, 0, 0, 0)\"><\/div><div class=\"wp-swiper__slide-content\">\n<figure class=\"wp-block-image size-large\"><img loading=\"lazy\" decoding=\"async\" width=\"1024\" height=\"683\" src=\"https:\/\/wododzial.pl\/wp-content\/uploads\/2022\/02\/DSC5863_1920x1280-1024x683.webp\" alt=\"\" class=\"wp-image-2887\" srcset=\"https:\/\/wododzial.pl\/wp-content\/uploads\/2022\/02\/DSC5863_1920x1280-1024x683.webp 1024w, https:\/\/wododzial.pl\/wp-content\/uploads\/2022\/02\/DSC5863_1920x1280-300x200.webp 300w, https:\/\/wododzial.pl\/wp-content\/uploads\/2022\/02\/DSC5863_1920x1280-768x512.webp 768w, https:\/\/wododzial.pl\/wp-content\/uploads\/2022\/02\/DSC5863_1920x1280-1536x1024.webp 1536w, https:\/\/wododzial.pl\/wp-content\/uploads\/2022\/02\/DSC5863_1920x1280.webp 1920w\" sizes=\"auto, (max-width: 1024px) 100vw, 1024px\" \/><\/figure>\n<\/div><\/div>\n\n\n\n<div class=\"wp-swiper__slide swiper-slide\" data-tab=\"slide-5\"><div class=\"wp-swiper__overlay-color\" style=\"background-color:rgba(0, 0, 0, 0)\"><\/div><div class=\"wp-swiper__slide-content\">\n<figure class=\"wp-block-image size-large\"><img loading=\"lazy\" decoding=\"async\" width=\"1024\" height=\"683\" src=\"https:\/\/wododzial.pl\/wp-content\/uploads\/2022\/02\/DSC6515_1920x1280-1024x683.webp\" alt=\"\" class=\"wp-image-2895\" srcset=\"https:\/\/wododzial.pl\/wp-content\/uploads\/2022\/02\/DSC6515_1920x1280-1024x683.webp 1024w, https:\/\/wododzial.pl\/wp-content\/uploads\/2022\/02\/DSC6515_1920x1280-300x200.webp 300w, https:\/\/wododzial.pl\/wp-content\/uploads\/2022\/02\/DSC6515_1920x1280-768x512.webp 768w, https:\/\/wododzial.pl\/wp-content\/uploads\/2022\/02\/DSC6515_1920x1280-1536x1024.webp 1536w, https:\/\/wododzial.pl\/wp-content\/uploads\/2022\/02\/DSC6515_1920x1280.webp 1920w\" sizes=\"auto, (max-width: 1024px) 100vw, 1024px\" \/><\/figure>\n<\/div><\/div>\n<\/div><\/div><\/div><div class=\"swiper-pagination\"><\/div><\/div>\n<\/div><\/section>\n\n<p><\/p>\n","protected":false},"excerpt":{"rendered":"<p>Prezentovan\u00e9 fotografick\u00e9, audio aj video materi\u00e1ly boli zhroma\u017eden\u00e9 v r\u00e1mci projektu Broadcasting from the Forgotten European Borderlands: Carpathian Watershed in the Polyphony of Voices. Pohrani\u010dn\u00e9 \u00fazemia n\u00e1rodn\u00fdch \u0161t\u00e1tov v oblasti okolo karpatsk\u00e9ho rozvodia s\u00fa priestorom, ktor\u00fd prekr\u00fdva interpret\u00e1ciu minulosti s politickou pam\u00e4\u0165ou. Miestami pam\u00e4te s\u00fa ako samotn\u00e9 hranice, tak aj ich hrani\u010dn\u00e1 krajina pres\u00fdten\u00e1 n\u00e1rodnou &hellip; <a href=\"https:\/\/wododzial.pl\/sk\/\">Continued<\/a><\/p>\n","protected":false},"author":1,"featured_media":0,"parent":0,"menu_order":0,"comment_status":"closed","ping_status":"closed","template":"","meta":{"inline_featured_image":false,"footnotes":""},"class_list":["post-940","page","type-page","status-publish","hentry"],"acf":[],"_links":{"self":[{"href":"https:\/\/wododzial.pl\/sk\/wp-json\/wp\/v2\/pages\/940","targetHints":{"allow":["GET"]}}],"collection":[{"href":"https:\/\/wododzial.pl\/sk\/wp-json\/wp\/v2\/pages"}],"about":[{"href":"https:\/\/wododzial.pl\/sk\/wp-json\/wp\/v2\/types\/page"}],"author":[{"embeddable":true,"href":"https:\/\/wododzial.pl\/sk\/wp-json\/wp\/v2\/users\/1"}],"replies":[{"embeddable":true,"href":"https:\/\/wododzial.pl\/sk\/wp-json\/wp\/v2\/comments?post=940"}],"version-history":[{"count":2,"href":"https:\/\/wododzial.pl\/sk\/wp-json\/wp\/v2\/pages\/940\/revisions"}],"predecessor-version":[{"id":2916,"href":"https:\/\/wododzial.pl\/sk\/wp-json\/wp\/v2\/pages\/940\/revisions\/2916"}],"wp:attachment":[{"href":"https:\/\/wododzial.pl\/sk\/wp-json\/wp\/v2\/media?parent=940"}],"curies":[{"name":"wp","href":"https:\/\/api.w.org\/{rel}","templated":true}]}}