{"id":892,"date":"2021-11-22T22:57:46","date_gmt":"2021-11-22T21:57:46","guid":{"rendered":"http:\/\/wododzial.pl\/o-projekte\/"},"modified":"2022-02-28T11:07:53","modified_gmt":"2022-02-28T10:07:53","slug":"o-projekte","status":"publish","type":"page","link":"https:\/\/wododzial.pl\/sk\/o-projekte\/","title":{"rendered":"O projekte"},"content":{"rendered":"\n<section class=\"wp-block-group about-page-wrapper layout relative lg:-mt-24\"><div class=\"wp-block-group__inner-container is-layout-flow wp-block-group-is-layout-flow\">\n<p class=\"text-lg mb-12 lg:mb-16\">Na jednom z vrcholov vo V\u00fdchodn\u00fdch Beskyd\u00e1ch, v Po\u013esku naz\u00fdvan\u00fdch ako Bieszczady, sa stret\u00e1vaj\u00fa hranice troch \u0161t\u00e1tov \u2013 Po\u013eska, Ukrajiny a Slovenska. Uveden\u00fdm vrcholom je Kremenec (1221 m n. m.). Bol na \u0148om umiestnen\u00fd \u017eulov\u00fd obelisk so znakmi spom\u00ednan\u00fdch kraj\u00edn. Vrchol a jeho najbli\u017e\u0161ie okolie pozd\u013a\u017e hlavn\u00e9ho karpatsk\u00e9ho hrebe\u0148a tvor\u00ed rozvodie odde\u013euj\u00face povodie Baltsk\u00e9ho a \u010cierneho mora.      <\/p>\n\n\n\n<blockquote class=\"wp-block-quote is-style-large is-layout-flow wp-block-quote-is-layout-flow\"><p>Toto rozvodie rozde\u013euje tie\u017e v symbolickom zmysle spolo\u010densk\u00fa pam\u00e4\u0165 obyvate\u013eov tohto karpatsk\u00e9ho pohrani\u010dia.<\/p><\/blockquote>\n\n\n\n<p class=\"text-lg\">E\u0161te na po\u010diatku 20. storo\u010dia sa toto \u00fazemie nach\u00e1dzalo na hraniciach jedn\u00e9ho \u0161t\u00e1tneho \u00fatvaru \u2013 Rak\u00faska-Uhorska. V d\u00f4sledku spolo\u010densko-politick\u00fdch zmien, ktor\u00fdmi t\u00e1to \u010das\u0165 Eur\u00f3py pre\u0161la v 20. storo\u010d\u00ed, vznikali a zanikali pozd\u013a\u017e l\u00ednie rozvodia nov\u00e9 \u0161t\u00e1ty. V ned\u00e1vnej minulosti boli tieto multikult\u00farne oblasti, ktor\u00e9 boli na perif\u00e9rii vo vz\u0165ahu k politick\u00fdm centr\u00e1m poznamenan\u00e9 holokaustom \u017eidovsk\u00fdch a r\u00f3mskych obyvate\u013eov a masov\u00fdmi deport\u00e1ciami miestneho obyvate\u013estva, a pr\u00e1ve preto sa stali perif\u00e9riami novo vzniknut\u00fdch n\u00e1rodn\u00fdch \u0161t\u00e1tov. V okruhu 50 km od Kremenca mo\u017eno dnes n\u00e1js\u0165 po\u010detn\u00e9 stopy po niekdaj\u0161\u00edch obyvate\u013eoch tejto oblasti (opusten\u00e9 cintor\u00edny, d\u00f4kazy po neexistuj\u00facich mest\u00e1ch at\u010f.), ale aj pam\u00e4tn\u00e9 miesta odkazuj\u00face na (ne)existuj\u00face \u0161t\u00e1ty a historick\u00e9 udalosti.    <\/p>\n\n\n\n<div style=\"height:100px\" aria-hidden=\"true\" class=\"wp-block-spacer\"><\/div>\n\n\n\n<div class=\"wp-block-cover alignfull is-light has-parallax about-fixed-bg\" style=\"background-image:url(http:\/\/wododzial.pl\/wp-content\/uploads\/2022\/01\/about-fixed-bg-1024x768.jpg);min-height:300px;aspect-ratio:unset;\"><span aria-hidden=\"true\" class=\"wp-block-cover__gradient-background has-background-dim\"><\/span><div class=\"wp-block-cover__inner-container is-layout-flow wp-block-cover-is-layout-flow\">\n<div class=\"wp-block-image\"><figure class=\"aligncenter size-large\"><img loading=\"lazy\" decoding=\"async\" width=\"113\" height=\"299\" src=\"http:\/\/wododzial.pl\/wp-content\/uploads\/2022\/01\/about-decor.svg\" alt=\"\" class=\"wp-image-903\"\/><\/figure><\/div>\n<\/div><\/div>\n\n\n\n<div style=\"height:100px\" aria-hidden=\"true\" class=\"wp-block-spacer\"><\/div>\n\n\n\n<p class=\"text-lg\">Pohrani\u010dn\u00e9 \u00fazemia n\u00e1rodn\u00fdch \u0161t\u00e1tov v oblasti okolo karpatsk\u00e9ho rozvodia s\u00fa priestorom, ktor\u00fd prekr\u00fdva interpret\u00e1ciu minulosti s politickou pam\u00e4\u0165ou. Miestami pam\u00e4te s\u00fa ako samotn\u00e9 hranice, tak aj ich hrani\u010dn\u00e1 krajina pres\u00fdten\u00e1 n\u00e1rodnou symbolikou a pamiatkou (<em>borderscapes<\/em>). V d\u00f4sledku pres\u00favania hran\u00edc, migr\u00e1cie, prev\u00e1dza\u010dstva a man\u017eelsk\u00fdch vz\u0165ahov sa pam\u00e4\u0165 v pohrani\u010d\u00ed charakterizuje polyf\u00f3niou. Okrem in\u00e9ho, je tu v\u00fdrazne vidie\u0165 stret \u201eofici\u00e1lnych\u201c (n\u00e1rodn\u00fdch a \u0161t\u00e1tnych) spomienok s neofici\u00e1lnymi (\u013eudov\u00fdmi, jednoduch\u00fdmi). Hoci je pohrani\u010die n\u00e1rodn\u00fdch \u0161t\u00e1tov pr\u00edtomn\u00e9 v pam\u00e4\u0165ov\u00fdch politik\u00e1ch zn\u00e1rod\u0148ovac\u00edch centier, re\u017eimy \u0161t\u00e1tnej pam\u00e4te a pam\u00e4\u0165ovej politiky sem zasahuj\u00fa len v obmedzenej miere.<\/p>\n\n\n\n<div style=\"height:150px\" aria-hidden=\"true\" class=\"wp-block-spacer\"><\/div>\n\n\n\n<figure class=\"wp-block-image size-large\"><img loading=\"lazy\" decoding=\"async\" width=\"1024\" height=\"576\" src=\"http:\/\/wododzial.pl\/wp-content\/uploads\/2021\/11\/mapa-1024x576.jpg\" alt=\"\" class=\"wp-image-185\" srcset=\"https:\/\/wododzial.pl\/wp-content\/uploads\/2021\/11\/mapa-1024x576.jpg 1024w, https:\/\/wododzial.pl\/wp-content\/uploads\/2021\/11\/mapa-300x169.jpg 300w, https:\/\/wododzial.pl\/wp-content\/uploads\/2021\/11\/mapa-768x432.jpg 768w, https:\/\/wododzial.pl\/wp-content\/uploads\/2021\/11\/mapa-1536x864.jpg 1536w, https:\/\/wododzial.pl\/wp-content\/uploads\/2021\/11\/mapa-2048x1152.jpg 2048w\" sizes=\"auto, (max-width: 1024px) 100vw, 1024px\" \/><\/figure>\n\n\n\n<div style=\"height:150px\" aria-hidden=\"true\" class=\"wp-block-spacer\"><\/div>\n\n\n\n<p class=\"text-lg mb-12 lg:mb-16\">Prezentovan\u00e9 fotografick\u00e9, audio aj video materi\u00e1ly boli zhroma\u017eden\u00e9 v r\u00e1mci projektu <em>Broadcasting from the Forgotten European Borderlands: Carpathian Watershed in the Polyphony of Voices<\/em>. V r\u00e1mci projektu boli na oboch stran\u00e1ch karpatsk\u00e9ho rozvodia zaznamenan\u00e9 r\u00f4zne symboliky pamiatok a spomienok. Ob\u010das ide o pamiatky, ktor\u00e9 odkazuj\u00fa priamo na ur\u010dit\u00e9 historick\u00e9 udalosti. Niekedy s\u00fa to v\u0161ak objekty, ktor\u00e9 n\u00e1m na prv\u00fd poh\u013ead o minulosti pr\u00edli\u0161 nepovedia. M\u00ed\u0148ame ich bez zamyslenia, bez oh\u013eadu na to, \u017ee spoluvytv\u00e1raj\u00fa pam\u00e4tn\u00fa krajinu (<em>memoryscapes<\/em>) a pohrani\u010die (<em>borderscapes<\/em>).<\/p>\n\n\n\n<blockquote class=\"wp-block-quote is-style-large is-layout-flow wp-block-quote-is-layout-flow\"><p>V r\u00e1mci ter\u00e9nneho v\u00fdskumu sa n\u00e1m podarilo zaznamena\u0165 hlasy posledn\u00fdch svedkov a \u00fa\u010dastn\u00edkov tak\u00fdch udalost\u00ed.<\/p><\/blockquote>\n\n\n\n<p class=\"text-lg mb-12 lg:mb-16\">Osoby, ktor\u00fdch n\u00e1rodnos\u0165 sa zmenila, napriek tomu, \u017ee sami v tej dobe \u017eili na rovnak\u00fdch miestach. Pr\u00edbeh spomienok na karpatsk\u00e9 rozvodie je akousi mozaikou \u2013 s\u00faborom fragmentov, ktor\u00e9 s\u00edce na prv\u00fd poh\u013ead do seba nezapadaj\u00fa, ale napriek tomu tvoria celok.  <\/p>\n\n\n\n<div class=\"wp-block-image mb-12 lg:mb-16\"><figure class=\"aligncenter size-large\"><img loading=\"lazy\" decoding=\"async\" width=\"323\" height=\"43\" src=\"http:\/\/wododzial.pl\/wp-content\/uploads\/2021\/11\/decor-horizontal-red.svg\" alt=\"\" class=\"wp-image-190\"\/><\/figure><\/div>\n\n\n\n<p class=\"text-lg\">Je mo\u017en\u00e9 rozpr\u00e1va\u0165 o minulosti tohto z\u00e1kutia karpatsk\u00e9ho sveta? Samozrejme, \u017ee \u00e1no, av\u0161ak nie je mo\u017en\u00e9 porozpr\u00e1va\u0165 iba jedin\u00fa verziu, preto\u017ee je tu r\u00f4znorodos\u0165 miestnych a individu\u00e1lnych sk\u00fasenost\u00ed, meniace sa hranice a re\u017eimy n\u00e1rodnej pam\u00e4te, tak\u017ee rozpr\u00e1vanie o tejto oblasti mo\u017eno poja\u0165 iba polyf\u00f3nne.<\/p>\n<\/div><\/section>\n","protected":false},"excerpt":{"rendered":"<p>Na jednom z vrcholov vo V\u00fdchodn\u00fdch Beskyd\u00e1ch, v Po\u013esku naz\u00fdvan\u00fdch ako Bieszczady, sa stret\u00e1vaj\u00fa hranice troch \u0161t\u00e1tov \u2013 Po\u013eska, Ukrajiny a Slovenska. Uveden\u00fdm vrcholom je Kremenec (1221 m n. m.). Bol na \u0148om umiestnen\u00fd \u017eulov\u00fd obelisk so znakmi spom\u00ednan\u00fdch kraj\u00edn. Vrchol a jeho najbli\u017e\u0161ie okolie pozd\u013a\u017e hlavn\u00e9ho karpatsk\u00e9ho hrebe\u0148a tvor\u00ed rozvodie odde\u013euj\u00face povodie Baltsk\u00e9ho a &hellip; <a href=\"https:\/\/wododzial.pl\/sk\/o-projekte\/\">Continued<\/a><\/p>\n","protected":false},"author":1,"featured_media":430,"parent":0,"menu_order":0,"comment_status":"closed","ping_status":"closed","template":"template-about.blade.php","meta":{"inline_featured_image":false,"footnotes":""},"class_list":["post-892","page","type-page","status-publish","has-post-thumbnail","hentry"],"acf":[],"_links":{"self":[{"href":"https:\/\/wododzial.pl\/sk\/wp-json\/wp\/v2\/pages\/892","targetHints":{"allow":["GET"]}}],"collection":[{"href":"https:\/\/wododzial.pl\/sk\/wp-json\/wp\/v2\/pages"}],"about":[{"href":"https:\/\/wododzial.pl\/sk\/wp-json\/wp\/v2\/types\/page"}],"author":[{"embeddable":true,"href":"https:\/\/wododzial.pl\/sk\/wp-json\/wp\/v2\/users\/1"}],"replies":[{"embeddable":true,"href":"https:\/\/wododzial.pl\/sk\/wp-json\/wp\/v2\/comments?post=892"}],"version-history":[{"count":13,"href":"https:\/\/wododzial.pl\/sk\/wp-json\/wp\/v2\/pages\/892\/revisions"}],"predecessor-version":[{"id":2880,"href":"https:\/\/wododzial.pl\/sk\/wp-json\/wp\/v2\/pages\/892\/revisions\/2880"}],"wp:featuredmedia":[{"embeddable":true,"href":"https:\/\/wododzial.pl\/sk\/wp-json\/wp\/v2\/media\/430"}],"wp:attachment":[{"href":"https:\/\/wododzial.pl\/sk\/wp-json\/wp\/v2\/media?parent=892"}],"curies":[{"name":"wp","href":"https:\/\/api.w.org\/{rel}","templated":true}]}}